{"id":19,"date":"2017-02-03T11:28:36","date_gmt":"2017-02-03T11:28:36","guid":{"rendered":"http:\/\/redextremaduraverde.org\/web\/?page_id=19"},"modified":"2026-02-11T11:03:01","modified_gmt":"2026-02-11T11:03:01","slug":"proyecto","status":"publish","type":"page","link":"https:\/\/www.redextremaduraverde.org\/web\/proyecto\/","title":{"rendered":"Proyecto"},"content":{"rendered":"<p><img loading=\"lazy\" decoding=\"async\" class=\"alignnone size-medium wp-image-5\" src=\"https:\/\/www.redextremaduraverde.org\/web\/wp-content\/uploads\/2017\/02\/redev_logo_superior-300x125.png\" alt=\"\" width=\"300\" height=\"125\" srcset=\"https:\/\/www.redextremaduraverde.org\/web\/wp-content\/uploads\/2017\/02\/redev_logo_superior-300x125.png 300w, https:\/\/www.redextremaduraverde.org\/web\/wp-content\/uploads\/2017\/02\/redev_logo_superior.png 531w\" sizes=\"auto, (max-width: 300px) 100vw, 300px\" \/><\/p>\n<p>El programa <strong>Red Municipal de participaci\u00f3n y concienciaci\u00f3n social sobre la econom\u00eda verde y el patrimonio natural en Extremadura<\/strong>, forma parte de la <strong>estrategia regional EXTREMADURA 2030<\/strong> y es fruto de una colaboraci\u00f3n entre la Junta de Extremadura y la Asociaci\u00f3n de Universidades Populares de Extremadura. Tiene como objetivo la conservaci\u00f3n de la naturaleza mediante la identificaci\u00f3n, comunicaci\u00f3n, difusi\u00f3n, promoci\u00f3n y sensibilizaci\u00f3n de los recursos naturales<\/p>\n<p><strong>Extremadura 2030<\/strong> es el modelo extreme\u00f1o de econom\u00eda verde y econom\u00eda circular que pretende convertir a nuestra regi\u00f3n en el a\u00f1o 2030 en un referente de estas econom\u00edas con alcance internacional, constituy\u00e9ndose en un modelo con identidad propia, al mismo tiempo que contribuye al bienestar, dignidad y calidad de vida de la ciudadan\u00eda.<\/p>\n<p>Desde el marco de este programa, se ejecutan los siguientes proyectos de sensibilizaci\u00f3n y divulgaci\u00f3n para el desarrollo sostenible y la conservaci\u00f3n de la naturaleza.<\/p>\n<ul>\n<li>Las casas de cultura verde de Extremadura. Red de municipios verdes.<\/li>\n<li>Alianzas para Extremadura verde.<\/li>\n<li>Iniciativas extreme\u00f1as de sumideros de carbono en municipios.<\/li>\n<li>Iniciativas extreme\u00f1as de bancos de conservaci\u00f3n de la naturaleza.<\/li>\n<li>Promoci\u00f3n de la certificaci\u00f3n de la gesti\u00f3n forestal sostenible en las dehesas extreme\u00f1as y sus productos.<\/li>\n<li>Liderazgos verdes.<\/li>\n<li>Viveros extreme\u00f1os de profesiones y empleos verdes sostenibles.<\/li>\n<li>Banco de experiencias verdes de Extremadura.<\/li>\n<li>Laboratorio extreme\u00f1o de oportunidades de la econom\u00eda circular.<\/li>\n<li>Red social verde extreme\u00f1a. Comunidad virtual de emprendimiento colaborativo sobre el patrimonio natural.<\/li>\n<li>Red de bancos de recursos comunitarios.<\/li>\n<li>Implantaci\u00f3n de huertos escolares.<\/li>\n<li>Protecci\u00f3n y promoci\u00f3n del patrimonio natural extreme\u00f1o a trav\u00e9s de iniciativas de custodia del territorio.<\/li>\n<li>Promoci\u00f3n y concienciaci\u00f3n sobre el programa \u201capadrina una encina\u201d.<\/li>\n<li>Oficina de proyectos de econom\u00eda verde y conservaci\u00f3n de la naturaleza en Extremadura.<\/li>\n<li>Oficina de asesoramiento en emprendimiento verde.<\/li>\n<\/ul>\n<p><em>Este programa es cofinanciado por el Fondo Europeo Agr\u00edcola de Desarrollo Rural (FEADER) del Programa de Desarrollo Rural (P.D.R.) de Extremadura 2014-2020.<\/em><\/p>\n","protected":false},"excerpt":{"rendered":"<p>El programa Red Municipal de participaci\u00f3n y concienciaci\u00f3n social sobre la econom\u00eda verde y el patrimonio natural en Extremadura, forma parte de la estrategia regional EXTREMADURA 2030 y es fruto de una colaboraci\u00f3n entre la Junta de Extremadura y la Asociaci\u00f3n de Universidades Populares de Extremadura. Tiene como objetivo la conservaci\u00f3n de la naturaleza mediante la identificaci\u00f3n, comunicaci\u00f3n, difusi\u00f3n, promoci\u00f3n y sensibilizaci\u00f3n de los recursos naturales Extremadura 2030 es el modelo extreme\u00f1o de econom\u00eda verde y econom\u00eda circular que pretende&hellip;<\/p>\n","protected":false},"author":3,"featured_media":6,"parent":0,"menu_order":0,"comment_status":"closed","ping_status":"closed","template":"","meta":{"jetpack_post_was_ever_published":false,"footnotes":""},"class_list":["post-19","page","type-page","status-publish","has-post-thumbnail","hentry","post-has-thumbnail"],"jetpack_sharing_enabled":true,"jetpack_shortlink":"https:\/\/wp.me\/P9MpCs-j","_links":{"self":[{"href":"https:\/\/www.redextremaduraverde.org\/web\/wp-json\/wp\/v2\/pages\/19","targetHints":{"allow":["GET"]}}],"collection":[{"href":"https:\/\/www.redextremaduraverde.org\/web\/wp-json\/wp\/v2\/pages"}],"about":[{"href":"https:\/\/www.redextremaduraverde.org\/web\/wp-json\/wp\/v2\/types\/page"}],"author":[{"embeddable":true,"href":"https:\/\/www.redextremaduraverde.org\/web\/wp-json\/wp\/v2\/users\/3"}],"replies":[{"embeddable":true,"href":"https:\/\/www.redextremaduraverde.org\/web\/wp-json\/wp\/v2\/comments?post=19"}],"version-history":[{"count":5,"href":"https:\/\/www.redextremaduraverde.org\/web\/wp-json\/wp\/v2\/pages\/19\/revisions"}],"predecessor-version":[{"id":1444,"href":"https:\/\/www.redextremaduraverde.org\/web\/wp-json\/wp\/v2\/pages\/19\/revisions\/1444"}],"wp:featuredmedia":[{"embeddable":true,"href":"https:\/\/www.redextremaduraverde.org\/web\/wp-json\/wp\/v2\/media\/6"}],"wp:attachment":[{"href":"https:\/\/www.redextremaduraverde.org\/web\/wp-json\/wp\/v2\/media?parent=19"}],"curies":[{"name":"wp","href":"https:\/\/api.w.org\/{rel}","templated":true}]}}