{"id":138,"date":"2017-02-16T11:10:53","date_gmt":"2017-02-16T11:10:53","guid":{"rendered":"http:\/\/redextremaduraverde.org\/web\/?page_id=138"},"modified":"2017-07-25T13:03:58","modified_gmt":"2017-07-25T13:03:58","slug":"oficina-de-asesoramiento","status":"publish","type":"page","link":"https:\/\/www.redextremaduraverde.org\/web\/proyecto\/oficina-de-asesoramiento\/","title":{"rendered":"Oficina de asesoramiento en emprendimiento verde"},"content":{"rendered":"<p>Concienciar y sensibilizar sobre la importancia de la implementaci\u00f3n del emprendimiento verde en la regi\u00f3n, a trav\u00e9s de la puesta en marcha de un servicio de asesor\u00eda permanente desde el que se trabajar\u00e1 con agentes locales como ayuntamientos, mancomunidades, grupos de acci\u00f3n local, agentes de desarrollo local, puntos de acompa\u00f1amiento empresarial entre otros, con el fin de incorporar el gen del emprendimiento verde en sus instituciones y \u00e1mbitos de acci\u00f3n.<\/p>\n<h1>DESTINATARIOS<\/h1>\n<ul>\n<li>Entidades municipales: ayuntamientos, mancomunidades, GAL, AEDL, PAE, etc.<\/li>\n<li>Emprendedores privados<\/li>\n<\/ul>\n<h1>OBJETIVOS<\/h1>\n<ul>\n<li>Promocionar, difundir, ayudar, asesorar a entidades municipales y a emprendedores privados sobre todas las oportunidades que ofrece el poder emprender en Extremadura en temas relacionados con el emprendimiento verde.<\/li>\n<li>Recopilar todas las informaciones importantes y servir de nexo de uni\u00f3n entre todos los actores que trabajan sobre el territorio local en el desarrollo de proyectos de emprendimiento verde, como ayuntamientos, mancomunidades, grupos de acci\u00f3n local, agentes de desarrollo local, puntos de acompa\u00f1amiento empresarial entre otros.<\/li>\n<\/ul>\n<h1>ACTUACIONES<\/h1>\n<ul>\n<li>Identificaci\u00f3n y puesta en valor de experiencias en emprendimiento verde.<\/li>\n<li>Gaceta informativa peri\u00f3dica.<\/li>\n<li>Mesas y talleres de di\u00e1logo.<\/li>\n<li>Asesoramiento para la puesta en marcha de iniciativas en emprendimiento verde.<\/li>\n<\/ul>\n<h1>M\u00c1S INFORMACI\u00d3N<\/h1>\n<p><a href=\"http:\/\/www.redextremaduraverde.org\/oficina\">www.redextremaduraverde.org\/oficina<\/a><\/p>\n<h1>DESCARGAS<\/h1>\n<div id=\"attachment_238\" style=\"width: 210px\" class=\"wp-caption alignnone\"><a href=\"http:\/\/www.redextremaduraverde.org\/descargas\/servicios_oficina.pdf\" target=\"_blank\" rel=\"noopener noreferrer\"><img loading=\"lazy\" decoding=\"async\" aria-describedby=\"caption-attachment-238\" class=\"wp-image-238\" src=\"http:\/\/redextremaduraverde.org\/web\/wp-content\/uploads\/2017\/02\/servicios_oficina_verde.png\" alt=\"\" width=\"200\" height=\"138\" srcset=\"https:\/\/www.redextremaduraverde.org\/web\/wp-content\/uploads\/2017\/02\/servicios_oficina_verde.png 324w, https:\/\/www.redextremaduraverde.org\/web\/wp-content\/uploads\/2017\/02\/servicios_oficina_verde-300x207.png 300w\" sizes=\"auto, (max-width: 200px) 100vw, 200px\" \/><\/a><p id=\"caption-attachment-238\" class=\"wp-caption-text\">D\u00edptico informativo<\/p><\/div>\n<div id=\"attachment_246\" style=\"width: 134px\" class=\"wp-caption alignnone\"><a href=\"http:\/\/www.redextremaduraverde.org\/descargas\/gaceta_verde_numero1.pdf\" target=\"_blank\" rel=\"noopener noreferrer\"><img loading=\"lazy\" decoding=\"async\" aria-describedby=\"caption-attachment-246\" class=\"wp-image-246\" src=\"http:\/\/redextremaduraverde.org\/web\/wp-content\/uploads\/2017\/06\/gacetaverde_1.png\" alt=\"\" width=\"124\" height=\"159\" srcset=\"https:\/\/www.redextremaduraverde.org\/web\/wp-content\/uploads\/2017\/06\/gacetaverde_1.png 253w, https:\/\/www.redextremaduraverde.org\/web\/wp-content\/uploads\/2017\/06\/gacetaverde_1-234x300.png 234w\" sizes=\"auto, (max-width: 124px) 100vw, 124px\" \/><\/a><p id=\"caption-attachment-246\" class=\"wp-caption-text\">ecoSistema 2030. Mayo &#8211; Gaceta #1<\/p><\/div>\n","protected":false},"excerpt":{"rendered":"<p>Concienciar y sensibilizar sobre la importancia de la implementaci\u00f3n del emprendimiento verde en la regi\u00f3n, a trav\u00e9s de la puesta en marcha de un servicio de asesor\u00eda permanente desde el que se trabajar\u00e1 con agentes locales como ayuntamientos, mancomunidades, grupos de acci\u00f3n local, agentes de desarrollo local, puntos de acompa\u00f1amiento empresarial entre otros, con el fin de incorporar el gen del emprendimiento verde en sus instituciones y \u00e1mbitos de acci\u00f3n. DESTINATARIOS Entidades municipales: ayuntamientos, mancomunidades, GAL, AEDL, PAE, etc. Emprendedores&hellip;<\/p>\n","protected":false},"author":3,"featured_media":0,"parent":19,"menu_order":0,"comment_status":"closed","ping_status":"closed","template":"","meta":{"jetpack_post_was_ever_published":false,"footnotes":""},"class_list":["post-138","page","type-page","status-publish","hentry"],"jetpack_sharing_enabled":true,"jetpack_shortlink":"https:\/\/wp.me\/P9MpCs-2e","_links":{"self":[{"href":"https:\/\/www.redextremaduraverde.org\/web\/wp-json\/wp\/v2\/pages\/138","targetHints":{"allow":["GET"]}}],"collection":[{"href":"https:\/\/www.redextremaduraverde.org\/web\/wp-json\/wp\/v2\/pages"}],"about":[{"href":"https:\/\/www.redextremaduraverde.org\/web\/wp-json\/wp\/v2\/types\/page"}],"author":[{"embeddable":true,"href":"https:\/\/www.redextremaduraverde.org\/web\/wp-json\/wp\/v2\/users\/3"}],"replies":[{"embeddable":true,"href":"https:\/\/www.redextremaduraverde.org\/web\/wp-json\/wp\/v2\/comments?post=138"}],"version-history":[{"count":7,"href":"https:\/\/www.redextremaduraverde.org\/web\/wp-json\/wp\/v2\/pages\/138\/revisions"}],"predecessor-version":[{"id":253,"href":"https:\/\/www.redextremaduraverde.org\/web\/wp-json\/wp\/v2\/pages\/138\/revisions\/253"}],"up":[{"embeddable":true,"href":"https:\/\/www.redextremaduraverde.org\/web\/wp-json\/wp\/v2\/pages\/19"}],"wp:attachment":[{"href":"https:\/\/www.redextremaduraverde.org\/web\/wp-json\/wp\/v2\/media?parent=138"}],"curies":[{"name":"wp","href":"https:\/\/api.w.org\/{rel}","templated":true}]}}