{"id":136,"date":"2017-02-16T11:08:58","date_gmt":"2017-02-16T11:08:58","guid":{"rendered":"http:\/\/redextremaduraverde.org\/web\/?page_id=136"},"modified":"2017-07-25T13:03:27","modified_gmt":"2017-07-25T13:03:27","slug":"oficina-de-proyectos","status":"publish","type":"page","link":"https:\/\/www.redextremaduraverde.org\/web\/proyecto\/oficina-de-proyectos\/","title":{"rendered":"Oficina de proyectos"},"content":{"rendered":"<p>Este proyecto consiste en la creaci\u00f3n de una oficina para la conservaci\u00f3n de la naturaleza en Extremadura que sirva para promover la realizaci\u00f3n de proyectos que persigan como objetivo la creaci\u00f3n de riqueza o empleo verde en Extremadura. Desde esta oficina se trabajar\u00e1 en conexi\u00f3n con otras entidades, tanto p\u00fablicas como privadas y se desarrollar\u00e1n dos l\u00edneas principales de intervenci\u00f3n:<\/p>\n<ul>\n<li>B\u00fasqueda de fuentes de financiaci\u00f3n y presentaci\u00f3n de iniciativas, tanto a nivel regional, nacional como internacional, para la implementaci\u00f3n en Extremadura de nuevos proyectos de econom\u00eda verde y sobre la conservaci\u00f3n de la naturaleza en Extremadura.<\/li>\n<li>Concienciaci\u00f3n sobre las oportunidades que ofrece, tanto a nivel p\u00fablico como privado, proyectos en estos \u00e1mbitos.<\/li>\n<\/ul>\n<h1>DESTINATARIOS<\/h1>\n<ul>\n<li>Organizaciones<\/li>\n<li>Poblaci\u00f3n en general<\/li>\n<\/ul>\n<h1>OBJETIVOS<\/h1>\n<ul>\n<li>Crear una oficina que sirva para promover la realizaci\u00f3n de proyectos que tengan como objetivo la creaci\u00f3n de riqueza o empleo verde en Extremadura.<\/li>\n<li>Elaborar, en conexi\u00f3n con otros actores (tanto entidades privadas como entidades p\u00fablicas extreme\u00f1as) proyectos de \u00e1mbito regional, nacional, o internacional con los que poder concurrir, se trabajar\u00e1 de manera prioritaria la concurrencia a proyectos financiados con fondos europeos.<\/li>\n<\/ul>\n<h1>ACTUACIONES<\/h1>\n<ul>\n<li>Jornadas informativas.<\/li>\n<li>Organizaci\u00f3n de focus group.<\/li>\n<li>Concurso de ideas.<\/li>\n<li>Asesoramiento y generaci\u00f3n de proyectos verdes.<\/li>\n<\/ul>\n<h1>M\u00c1S INFORMACI\u00d3N<\/h1>\n<p><a href=\"http:\/\/www.redextremaduraverde.org\/oficina\">www.redextremaduraverde.org\/oficina<\/a><\/p>\n<h1>DESCARGAS<\/h1>\n<h1><a href=\"http:\/\/www.redextremaduraverde.org\/descargas\/servicios_oficina.pdf\" target=\"_blank\" rel=\"noopener noreferrer\"><img loading=\"lazy\" decoding=\"async\" class=\"alignnone wp-image-238\" src=\"http:\/\/redextremaduraverde.org\/web\/wp-content\/uploads\/2017\/02\/servicios_oficina_verde.png\" alt=\"\" width=\"200\" height=\"138\" srcset=\"https:\/\/www.redextremaduraverde.org\/web\/wp-content\/uploads\/2017\/02\/servicios_oficina_verde.png 324w, https:\/\/www.redextremaduraverde.org\/web\/wp-content\/uploads\/2017\/02\/servicios_oficina_verde-300x207.png 300w\" sizes=\"auto, (max-width: 200px) 100vw, 200px\" \/><\/a><\/h1>\n","protected":false},"excerpt":{"rendered":"<p>Este proyecto consiste en la creaci\u00f3n de una oficina para la conservaci\u00f3n de la naturaleza en Extremadura que sirva para promover la realizaci\u00f3n de proyectos que persigan como objetivo la creaci\u00f3n de riqueza o empleo verde en Extremadura. Desde esta oficina se trabajar\u00e1 en conexi\u00f3n con otras entidades, tanto p\u00fablicas como privadas y se desarrollar\u00e1n dos l\u00edneas principales de intervenci\u00f3n: B\u00fasqueda de fuentes de financiaci\u00f3n y presentaci\u00f3n de iniciativas, tanto a nivel regional, nacional como internacional, para la implementaci\u00f3n en&hellip;<\/p>\n","protected":false},"author":3,"featured_media":0,"parent":19,"menu_order":0,"comment_status":"closed","ping_status":"closed","template":"","meta":{"footnotes":""},"class_list":["post-136","page","type-page","status-publish","hentry"],"jetpack_sharing_enabled":true,"jetpack_shortlink":"https:\/\/wp.me\/P9MpCs-2c","_links":{"self":[{"href":"https:\/\/www.redextremaduraverde.org\/web\/wp-json\/wp\/v2\/pages\/136","targetHints":{"allow":["GET"]}}],"collection":[{"href":"https:\/\/www.redextremaduraverde.org\/web\/wp-json\/wp\/v2\/pages"}],"about":[{"href":"https:\/\/www.redextremaduraverde.org\/web\/wp-json\/wp\/v2\/types\/page"}],"author":[{"embeddable":true,"href":"https:\/\/www.redextremaduraverde.org\/web\/wp-json\/wp\/v2\/users\/3"}],"replies":[{"embeddable":true,"href":"https:\/\/www.redextremaduraverde.org\/web\/wp-json\/wp\/v2\/comments?post=136"}],"version-history":[{"count":4,"href":"https:\/\/www.redextremaduraverde.org\/web\/wp-json\/wp\/v2\/pages\/136\/revisions"}],"predecessor-version":[{"id":434,"href":"https:\/\/www.redextremaduraverde.org\/web\/wp-json\/wp\/v2\/pages\/136\/revisions\/434"}],"up":[{"embeddable":true,"href":"https:\/\/www.redextremaduraverde.org\/web\/wp-json\/wp\/v2\/pages\/19"}],"wp:attachment":[{"href":"https:\/\/www.redextremaduraverde.org\/web\/wp-json\/wp\/v2\/media?parent=136"}],"curies":[{"name":"wp","href":"https:\/\/api.w.org\/{rel}","templated":true}]}}