{"id":134,"date":"2017-02-16T11:06:02","date_gmt":"2017-02-16T11:06:02","guid":{"rendered":"http:\/\/redextremaduraverde.org\/web\/?page_id=134"},"modified":"2017-06-08T07:09:08","modified_gmt":"2017-06-08T07:09:08","slug":"apadrina-una-encina","status":"publish","type":"page","link":"https:\/\/www.redextremaduraverde.org\/web\/proyecto\/apadrina-una-encina\/","title":{"rendered":"Apadrina una encina"},"content":{"rendered":"<p>Este proyecto consiste en incentivar la adopci\u00f3n de encinas situadas en las dehesas p\u00fablicas en los municipios de Extremadura. Cada padrino, que puede ser cualquier persona, recibe informaci\u00f3n sobre el proyecto y un certificado de empadronamiento donde se especifica la localizaci\u00f3n excacta de su \u00e1rbol y una fotograf\u00eda.<\/p>\n<h1>DESTINATARIOS<\/h1>\n<ul>\n<li>Ayuntamientos<\/li>\n<li>Poblaci\u00f3n en general<\/li>\n<\/ul>\n<h1>OBJETIVOS<\/h1>\n<ul>\n<li>Organizar y desarrollar una campa\u00f1a permanente de promoci\u00f3n, difusi\u00f3n que comprometa al menos a 25 municipios.<\/li>\n<li>Fomentar la participaci\u00f3n ciudadana para la mejora de nuestro entorno inmediato y la conservaci\u00f3n de la naturaleza .<\/li>\n<li>Concienciar de la importancia de conservar especies de vegetaci\u00f3n natural y las dehesas de encinas.<\/li>\n<li>Participar en el laboratorio para la formaci\u00f3n de responsables municipales, de centros educativos y de asociaciones regionales en materia de dehesa, cambio clim\u00e1tico y econom\u00eda circular.<\/li>\n<\/ul>\n<h1>ACTUACIONES<\/h1>\n<ul>\n<li>Acciones de difusi\u00f3n.<\/li>\n<li>Visitas a ayuntamientos.<\/li>\n<li>Puesta en marcha de apadrinamiento de encinas.<\/li>\n<\/ul>\n<h1>M\u00c1S INFORMACI\u00d3N<\/h1>\n<ul>\n<li>\n<p class=\"p1\"><span class=\"s1\"><a href=\"http:\/\/www.apadrina.unolivar.com\/\">www.apadrina.unolivar.com<\/a><\/span><\/p>\n<\/li>\n<\/ul>\n","protected":false},"excerpt":{"rendered":"<p>Este proyecto consiste en incentivar la adopci\u00f3n de encinas situadas en las dehesas p\u00fablicas en los municipios de Extremadura. Cada padrino, que puede ser cualquier persona, recibe informaci\u00f3n sobre el proyecto y un certificado de empadronamiento donde se especifica la localizaci\u00f3n excacta de su \u00e1rbol y una fotograf\u00eda. DESTINATARIOS Ayuntamientos Poblaci\u00f3n en general OBJETIVOS Organizar y desarrollar una campa\u00f1a permanente de promoci\u00f3n, difusi\u00f3n que comprometa al menos a 25 municipios. Fomentar la participaci\u00f3n ciudadana para la mejora de nuestro entorno&hellip;<\/p>\n","protected":false},"author":3,"featured_media":0,"parent":19,"menu_order":0,"comment_status":"closed","ping_status":"closed","template":"","meta":{"jetpack_post_was_ever_published":false,"footnotes":""},"class_list":["post-134","page","type-page","status-publish","hentry"],"jetpack_sharing_enabled":true,"jetpack_shortlink":"https:\/\/wp.me\/P9MpCs-2a","_links":{"self":[{"href":"https:\/\/www.redextremaduraverde.org\/web\/wp-json\/wp\/v2\/pages\/134","targetHints":{"allow":["GET"]}}],"collection":[{"href":"https:\/\/www.redextremaduraverde.org\/web\/wp-json\/wp\/v2\/pages"}],"about":[{"href":"https:\/\/www.redextremaduraverde.org\/web\/wp-json\/wp\/v2\/types\/page"}],"author":[{"embeddable":true,"href":"https:\/\/www.redextremaduraverde.org\/web\/wp-json\/wp\/v2\/users\/3"}],"replies":[{"embeddable":true,"href":"https:\/\/www.redextremaduraverde.org\/web\/wp-json\/wp\/v2\/comments?post=134"}],"version-history":[{"count":2,"href":"https:\/\/www.redextremaduraverde.org\/web\/wp-json\/wp\/v2\/pages\/134\/revisions"}],"predecessor-version":[{"id":255,"href":"https:\/\/www.redextremaduraverde.org\/web\/wp-json\/wp\/v2\/pages\/134\/revisions\/255"}],"up":[{"embeddable":true,"href":"https:\/\/www.redextremaduraverde.org\/web\/wp-json\/wp\/v2\/pages\/19"}],"wp:attachment":[{"href":"https:\/\/www.redextremaduraverde.org\/web\/wp-json\/wp\/v2\/media?parent=134"}],"curies":[{"name":"wp","href":"https:\/\/api.w.org\/{rel}","templated":true}]}}