{"id":128,"date":"2017-02-16T10:58:29","date_gmt":"2017-02-16T10:58:29","guid":{"rendered":"http:\/\/redextremaduraverde.org\/web\/?page_id=128"},"modified":"2017-06-01T09:40:43","modified_gmt":"2017-06-01T09:40:43","slug":"huertos-escolares","status":"publish","type":"page","link":"https:\/\/www.redextremaduraverde.org\/web\/proyecto\/huertos-escolares\/","title":{"rendered":"Huertos escolares"},"content":{"rendered":"<p>Este proyecto consiste en la implantaci\u00f3n de huertos escolares para centros escolares de primaria y secundaria en terrenos de la Consejer\u00eda de Educaci\u00f3n o de los municipios.<\/p>\n<h1>DESTINATARIOS<\/h1>\n<p>Centros educativos de primaria y secundaria de Extremadura<\/p>\n<h1>OBJETIVOS<\/h1>\n<ul>\n<li>Conseguir que en los centros educativos se implanten huertos escolares.<\/li>\n<li>Aumentar las reservas de la biodiversidad de variedades propias, la cultura alimentaria y la soberan\u00eda alimentaria en Extremadura.<\/li>\n<li>Enfocar a los j\u00f3venes hacia la importancia y centralidad de los alimentos.<br \/>\nFortalecer experiencias colaborativas entre los siguientes actores: comunidad educativa, municipio y otros agentes (empresas, asociaciones\u2026)<\/li>\n<li>Coordinar la experiencia con redes y programas de la Consejer\u00eda de Educaci\u00f3n y programas para la mejora del aprendizaje y el rendimiento (PMAR)<\/li>\n<li>Establecer una metodolog\u00eda que fomente vocaciones agr\u00edcolas y ganaderas<\/li>\n<\/ul>\n<h1>ACTUACIONES<\/h1>\n<ul>\n<li>Campa\u00f1a de difusi\u00f3n en centros educativos y asociaciones.<\/li>\n<li>Jornadas informativas.<\/li>\n<li>Creaci\u00f3n Red de centros educativos agroecol\u00f3gicos.<\/li>\n<li>Elecci\u00f3n centros educativos participantes.<\/li>\n<li>Implantaci\u00f3n de huertos escolares.<\/li>\n<li>Viajes de experiencias.<\/li>\n<li>Asesoramiento y seguimiento de huertos escolares.<\/li>\n<\/ul>\n<h1>M\u00c1S INFORMACI\u00d3N<\/h1>\n<ul>\n<li><a href=\"http:\/\/rceaex.rurexformacion.com\">http:\/\/rceaex.rurexformacion.com<\/a><\/li>\n<\/ul>\n","protected":false},"excerpt":{"rendered":"<p>Este proyecto consiste en la implantaci\u00f3n de huertos escolares para centros escolares de primaria y secundaria en terrenos de la Consejer\u00eda de Educaci\u00f3n o de los municipios. DESTINATARIOS Centros educativos de primaria y secundaria de Extremadura OBJETIVOS Conseguir que en los centros educativos se implanten huertos escolares. Aumentar las reservas de la biodiversidad de variedades propias, la cultura alimentaria y la soberan\u00eda alimentaria en Extremadura. Enfocar a los j\u00f3venes hacia la importancia y centralidad de los alimentos. Fortalecer experiencias colaborativas&hellip;<\/p>\n","protected":false},"author":3,"featured_media":0,"parent":19,"menu_order":0,"comment_status":"closed","ping_status":"closed","template":"","meta":{"jetpack_post_was_ever_published":false,"footnotes":""},"class_list":["post-128","page","type-page","status-publish","hentry"],"jetpack_sharing_enabled":true,"jetpack_shortlink":"https:\/\/wp.me\/P9MpCs-24","_links":{"self":[{"href":"https:\/\/www.redextremaduraverde.org\/web\/wp-json\/wp\/v2\/pages\/128","targetHints":{"allow":["GET"]}}],"collection":[{"href":"https:\/\/www.redextremaduraverde.org\/web\/wp-json\/wp\/v2\/pages"}],"about":[{"href":"https:\/\/www.redextremaduraverde.org\/web\/wp-json\/wp\/v2\/types\/page"}],"author":[{"embeddable":true,"href":"https:\/\/www.redextremaduraverde.org\/web\/wp-json\/wp\/v2\/users\/3"}],"replies":[{"embeddable":true,"href":"https:\/\/www.redextremaduraverde.org\/web\/wp-json\/wp\/v2\/comments?post=128"}],"version-history":[{"count":3,"href":"https:\/\/www.redextremaduraverde.org\/web\/wp-json\/wp\/v2\/pages\/128\/revisions"}],"predecessor-version":[{"id":250,"href":"https:\/\/www.redextremaduraverde.org\/web\/wp-json\/wp\/v2\/pages\/128\/revisions\/250"}],"up":[{"embeddable":true,"href":"https:\/\/www.redextremaduraverde.org\/web\/wp-json\/wp\/v2\/pages\/19"}],"wp:attachment":[{"href":"https:\/\/www.redextremaduraverde.org\/web\/wp-json\/wp\/v2\/media?parent=128"}],"curies":[{"name":"wp","href":"https:\/\/api.w.org\/{rel}","templated":true}]}}