{"id":126,"date":"2017-02-16T10:56:14","date_gmt":"2017-02-16T10:56:14","guid":{"rendered":"http:\/\/redextremaduraverde.org\/web\/?page_id=126"},"modified":"2017-05-10T14:22:19","modified_gmt":"2017-05-10T14:22:19","slug":"red-de-bancos-de-recursos-comunitarios","status":"publish","type":"page","link":"https:\/\/www.redextremaduraverde.org\/web\/proyecto\/red-de-bancos-de-recursos-comunitarios\/","title":{"rendered":"Red de bancos de recursos comunitarios"},"content":{"rendered":"<p>Este proyecto se destina a potenciar el valor agroecol\u00f3gico y conservaci\u00f3n del patrimonio natural de Extremadura a trav\u00e9s de una red de bancos como recursos como recurso comunitario, consiste en la creaci\u00f3n de reservorios de biodiversidad en municipios y centros educativos a trav\u00e9s de la creaci\u00f3n de una red de bancos de recursos comunitarios desarrollando dos l\u00edneas de acci\u00f3n global:<\/p>\n<ul>\n<li>Banco de semillas: preservar los recursos biogen\u00e9ticos de las variedades locales y regionales.<\/li>\n<li>Banco de tierras: dinamizaci\u00f3n p\u00fablica del territorio para facilitar la creaci\u00f3n de proyectos productivos verdes.<\/li>\n<\/ul>\n<h1>DESTINATARIOS<\/h1>\n<ul>\n<li>Municipios de Extremadura<\/li>\n<li>Centros educativos de Extremadura<\/li>\n<\/ul>\n<h1>OBJETIVOS<\/h1>\n<ul>\n<li>Conseguir que en Extremadura se desarrolle una cultura de pol\u00edticas municipales verdes &#8211; municipios enfocados hacia las oportunidades de la agroecolog\u00eda.<\/li>\n<li>Conseguir que en estos municipios haya bancos municipales de tierras y bancos municipales de semillas.<br \/>\nImplicar a actores sociales y econ\u00f3micos, especialmente desempleados y asociaciones.<\/li>\n<\/ul>\n<h1>ACTUACIONES<\/h1>\n<ul>\n<li>Jornadas iniciales, de captaci\u00f3n y finales.<\/li>\n<li>Selecci\u00f3n de municipios participantes.<\/li>\n<li>Creaci\u00f3n de plataforma virtual de banco de recursos comunitarios.<\/li>\n<li>Manuales para el uso de los bancos.<\/li>\n<li>Asesoramiento y seguimientos a los bancos creados.<\/li>\n<\/ul>\n<h1>M\u00c1S INFORMACI\u00d3N<\/h1>\n<ul>\n<li><a href=\"http:\/\/extremadura2030.tierrasagroecologicas.es\/inicio\/\" target=\"_blank\" rel=\"noopener noreferrer\">Territorios reserva agroecol\u00f3gicos<\/a><\/li>\n<\/ul>\n","protected":false},"excerpt":{"rendered":"<p>Este proyecto se destina a potenciar el valor agroecol\u00f3gico y conservaci\u00f3n del patrimonio natural de Extremadura a trav\u00e9s de una red de bancos como recursos como recurso comunitario, consiste en la creaci\u00f3n de reservorios de biodiversidad en municipios y centros educativos a trav\u00e9s de la creaci\u00f3n de una red de bancos de recursos comunitarios desarrollando dos l\u00edneas de acci\u00f3n global: Banco de semillas: preservar los recursos biogen\u00e9ticos de las variedades locales y regionales. Banco de tierras: dinamizaci\u00f3n p\u00fablica del territorio&hellip;<\/p>\n","protected":false},"author":3,"featured_media":0,"parent":19,"menu_order":0,"comment_status":"closed","ping_status":"closed","template":"","meta":{"jetpack_post_was_ever_published":false,"footnotes":""},"class_list":["post-126","page","type-page","status-publish","hentry"],"jetpack_sharing_enabled":true,"jetpack_shortlink":"https:\/\/wp.me\/P9MpCs-22","_links":{"self":[{"href":"https:\/\/www.redextremaduraverde.org\/web\/wp-json\/wp\/v2\/pages\/126","targetHints":{"allow":["GET"]}}],"collection":[{"href":"https:\/\/www.redextremaduraverde.org\/web\/wp-json\/wp\/v2\/pages"}],"about":[{"href":"https:\/\/www.redextremaduraverde.org\/web\/wp-json\/wp\/v2\/types\/page"}],"author":[{"embeddable":true,"href":"https:\/\/www.redextremaduraverde.org\/web\/wp-json\/wp\/v2\/users\/3"}],"replies":[{"embeddable":true,"href":"https:\/\/www.redextremaduraverde.org\/web\/wp-json\/wp\/v2\/comments?post=126"}],"version-history":[{"count":3,"href":"https:\/\/www.redextremaduraverde.org\/web\/wp-json\/wp\/v2\/pages\/126\/revisions"}],"predecessor-version":[{"id":242,"href":"https:\/\/www.redextremaduraverde.org\/web\/wp-json\/wp\/v2\/pages\/126\/revisions\/242"}],"up":[{"embeddable":true,"href":"https:\/\/www.redextremaduraverde.org\/web\/wp-json\/wp\/v2\/pages\/19"}],"wp:attachment":[{"href":"https:\/\/www.redextremaduraverde.org\/web\/wp-json\/wp\/v2\/media?parent=126"}],"curies":[{"name":"wp","href":"https:\/\/api.w.org\/{rel}","templated":true}]}}