{"id":122,"date":"2017-02-16T10:51:05","date_gmt":"2017-02-16T10:51:05","guid":{"rendered":"http:\/\/redextremaduraverde.org\/web\/?page_id=122"},"modified":"2018-11-05T10:01:07","modified_gmt":"2018-11-05T10:01:07","slug":"laboratorio-extremeno-de-oportunidades-en-economia-circular","status":"publish","type":"page","link":"https:\/\/www.redextremaduraverde.org\/web\/proyecto\/laboratorio-extremeno-de-oportunidades-en-economia-circular\/","title":{"rendered":"Laboratorio extreme\u00f1o de oportunidades en econom\u00eda circular"},"content":{"rendered":"<p>El laboratorio extreme\u00f1o de oportunidades de la econom\u00eda circular es un espacio donde se sistematizan y describen esas oportunidades para ponerlas al servicio de la ciudadan\u00eda extreme\u00f1a. Se basa en una herramienta en internet con una serie de funcionalidades que ser\u00e1 la base del proyecto.<\/p>\n<h1>DESTINATARIOS<\/h1>\n<p>Poblaci\u00f3n en general<\/p>\n<h1>OBJETIVOS<\/h1>\n<ul>\n<li>Crear una herramienta en internet que recoja las oportunidades de la econom\u00eda circular<\/li>\n<li>Desarrollar una econom\u00eda verde impulsada por la ciudadan\u00eda que recoja oportunidades en econom\u00eda circular.<\/li>\n<li>Crear una cultura verde basada en oportunidades de la econom\u00eda circular.<\/li>\n<li>Orientar a emprendedores que quieran llevar a cabo sus proyectos en torno a la econom\u00eda circular.<\/li>\n<li>Ayudar a concretar ideas y proyectos en torno a la econom\u00eda circular.<\/li>\n<li>Propiciar un servicio universal y abierto a toda la ciudadan\u00eda<\/li>\n<\/ul>\n<h1>RESULTADOS A ALCANZAR<\/h1>\n<ul>\n<li>Herramienta tecnol\u00f3gica.<\/li>\n<li>Creaci\u00f3n de un cat\u00e1logo de experiencias en econom\u00eda circular.<\/li>\n<\/ul>\n<h1>M\u00c1S INFORMACI\u00d3N<\/h1>\n<ul>\n<li><a href=\"https:\/\/extremadura2030.com\/oportunidadeseneconomiaverdeycircular\">https:\/\/extremadura2030.com\/oportunidadeseneconomiaverdeycircular<\/a><\/li>\n<\/ul>\n","protected":false},"excerpt":{"rendered":"<p>El laboratorio extreme\u00f1o de oportunidades de la econom\u00eda circular es un espacio donde se sistematizan y describen esas oportunidades para ponerlas al servicio de la ciudadan\u00eda extreme\u00f1a. Se basa en una herramienta en internet con una serie de funcionalidades que ser\u00e1 la base del proyecto. DESTINATARIOS Poblaci\u00f3n en general OBJETIVOS Crear una herramienta en internet que recoja las oportunidades de la econom\u00eda circular Desarrollar una econom\u00eda verde impulsada por la ciudadan\u00eda que recoja oportunidades en econom\u00eda circular. Crear una cultura&hellip;<\/p>\n","protected":false},"author":3,"featured_media":0,"parent":19,"menu_order":0,"comment_status":"closed","ping_status":"closed","template":"","meta":{"jetpack_post_was_ever_published":false,"footnotes":""},"class_list":["post-122","page","type-page","status-publish","hentry"],"jetpack_sharing_enabled":true,"jetpack_shortlink":"https:\/\/wp.me\/P9MpCs-1Y","_links":{"self":[{"href":"https:\/\/www.redextremaduraverde.org\/web\/wp-json\/wp\/v2\/pages\/122","targetHints":{"allow":["GET"]}}],"collection":[{"href":"https:\/\/www.redextremaduraverde.org\/web\/wp-json\/wp\/v2\/pages"}],"about":[{"href":"https:\/\/www.redextremaduraverde.org\/web\/wp-json\/wp\/v2\/types\/page"}],"author":[{"embeddable":true,"href":"https:\/\/www.redextremaduraverde.org\/web\/wp-json\/wp\/v2\/users\/3"}],"replies":[{"embeddable":true,"href":"https:\/\/www.redextremaduraverde.org\/web\/wp-json\/wp\/v2\/comments?post=122"}],"version-history":[{"count":4,"href":"https:\/\/www.redextremaduraverde.org\/web\/wp-json\/wp\/v2\/pages\/122\/revisions"}],"predecessor-version":[{"id":895,"href":"https:\/\/www.redextremaduraverde.org\/web\/wp-json\/wp\/v2\/pages\/122\/revisions\/895"}],"up":[{"embeddable":true,"href":"https:\/\/www.redextremaduraverde.org\/web\/wp-json\/wp\/v2\/pages\/19"}],"wp:attachment":[{"href":"https:\/\/www.redextremaduraverde.org\/web\/wp-json\/wp\/v2\/media?parent=122"}],"curies":[{"name":"wp","href":"https:\/\/api.w.org\/{rel}","templated":true}]}}