{"id":118,"date":"2017-02-16T10:46:40","date_gmt":"2017-02-16T10:46:40","guid":{"rendered":"http:\/\/redextremaduraverde.org\/web\/?page_id=118"},"modified":"2018-11-05T10:02:05","modified_gmt":"2018-11-05T10:02:05","slug":"vivero-extremeno-de-profesiones-y-empleos-verdes","status":"publish","type":"page","link":"https:\/\/www.redextremaduraverde.org\/web\/proyecto\/vivero-extremeno-de-profesiones-y-empleos-verdes\/","title":{"rendered":"Vivero extreme\u00f1o de profesiones y empleos verdes"},"content":{"rendered":"<p>El vivero extreme\u00f1o de profesiones y empleos verdes es un cat\u00e1logo para orientar a los trabajadores y profesionales hacia las actividades verdes y la econom\u00eda verde. Se basa en una herramienta en internet con una serie de funcionalidades que ser\u00e1 la base del proyecto<\/p>\n<h1>DESTINATARIOS<\/h1>\n<p>Poblaci\u00f3n en general<\/p>\n<h1>OBJETIVOS<\/h1>\n<ul>\n<li>Crear una herramienta para orientar en actividades verdes y econom\u00eda verde.<\/li>\n<li>Desarrollar un modelo de especializaci\u00f3n inteligente.<\/li>\n<li>Desarrollar una econom\u00eda verde impulsada por la ciudadan\u00eda en torno a retos globales de cambio clim\u00e1tico, econom\u00eda circular y dehesa.<\/li>\n<li>Desarrollar un marco global de concienciaci\u00f3n masiva a toda la poblaci\u00f3n extreme\u00f1a sobre las oportunidades de los proyectos de econom\u00eda verde:<\/li>\n<li>Crear una econom\u00eda verde basada en la econom\u00eda circular.<\/li>\n<li>Convertir el cambio clim\u00e1tico en oportunidad para el desarrollo de nuevas profesiones verdes.<\/li>\n<\/ul>\n<h1>ACTUACIONES<\/h1>\n<ul>\n<li>Herramienta tecnol\u00f3gica.<\/li>\n<li>Creaci\u00f3n de un cat\u00e1logo de profesiones y empleos verdes.<\/li>\n<\/ul>\n<h1>M\u00c1S INFORMACI\u00d3N<\/h1>\n<ul>\n<li><a href=\"https:\/\/extremadura2030.com\/viverodeempleosverde\">https:\/\/extremadura2030.com\/viverodeempleosverde<\/a><\/li>\n<\/ul>\n","protected":false},"excerpt":{"rendered":"<p>El vivero extreme\u00f1o de profesiones y empleos verdes es un cat\u00e1logo para orientar a los trabajadores y profesionales hacia las actividades verdes y la econom\u00eda verde. Se basa en una herramienta en internet con una serie de funcionalidades que ser\u00e1 la base del proyecto DESTINATARIOS Poblaci\u00f3n en general OBJETIVOS Crear una herramienta para orientar en actividades verdes y econom\u00eda verde. Desarrollar un modelo de especializaci\u00f3n inteligente. Desarrollar una econom\u00eda verde impulsada por la ciudadan\u00eda en torno a retos globales de&hellip;<\/p>\n","protected":false},"author":3,"featured_media":0,"parent":19,"menu_order":0,"comment_status":"closed","ping_status":"closed","template":"","meta":{"jetpack_post_was_ever_published":false,"footnotes":""},"class_list":["post-118","page","type-page","status-publish","hentry"],"jetpack_sharing_enabled":true,"jetpack_shortlink":"https:\/\/wp.me\/P9MpCs-1U","_links":{"self":[{"href":"https:\/\/www.redextremaduraverde.org\/web\/wp-json\/wp\/v2\/pages\/118","targetHints":{"allow":["GET"]}}],"collection":[{"href":"https:\/\/www.redextremaduraverde.org\/web\/wp-json\/wp\/v2\/pages"}],"about":[{"href":"https:\/\/www.redextremaduraverde.org\/web\/wp-json\/wp\/v2\/types\/page"}],"author":[{"embeddable":true,"href":"https:\/\/www.redextremaduraverde.org\/web\/wp-json\/wp\/v2\/users\/3"}],"replies":[{"embeddable":true,"href":"https:\/\/www.redextremaduraverde.org\/web\/wp-json\/wp\/v2\/comments?post=118"}],"version-history":[{"count":4,"href":"https:\/\/www.redextremaduraverde.org\/web\/wp-json\/wp\/v2\/pages\/118\/revisions"}],"predecessor-version":[{"id":896,"href":"https:\/\/www.redextremaduraverde.org\/web\/wp-json\/wp\/v2\/pages\/118\/revisions\/896"}],"up":[{"embeddable":true,"href":"https:\/\/www.redextremaduraverde.org\/web\/wp-json\/wp\/v2\/pages\/19"}],"wp:attachment":[{"href":"https:\/\/www.redextremaduraverde.org\/web\/wp-json\/wp\/v2\/media?parent=118"}],"curies":[{"name":"wp","href":"https:\/\/api.w.org\/{rel}","templated":true}]}}