{"id":108,"date":"2017-02-16T09:50:03","date_gmt":"2017-02-16T09:50:03","guid":{"rendered":"http:\/\/redextremaduraverde.org\/web\/?page_id=108"},"modified":"2017-10-03T08:47:16","modified_gmt":"2017-10-03T08:47:16","slug":"iniciativas-extremenas-de-sumideros-de-carbono-en-municipios","status":"publish","type":"page","link":"https:\/\/www.redextremaduraverde.org\/web\/proyecto\/iniciativas-extremenas-de-sumideros-de-carbono-en-municipios\/","title":{"rendered":"Iniciativas extreme\u00f1as de sumideros de carbono en municipios"},"content":{"rendered":"<p>Este proyecto consiste en la organizaci\u00f3n y desarrollo de una campa\u00f1a permanente de promoci\u00f3n, difusi\u00f3n y asesoramiento para implantar iniciativas extreme\u00f1as de sumideros de carbono en fincas p\u00fablicas y privadas de municipios extreme\u00f1os.<\/p>\n<h1>DESTINATARIOS<\/h1>\n<p>Propietarios de fincas p\u00fablicas y privadas de municipios de extreme\u00f1os.<\/p>\n<h1>OBJETIVOS<\/h1>\n<ul>\n<li>Dise\u00f1ar una estrategia con la implicaci\u00f3n activa de la poblaci\u00f3n local y la participaci\u00f3n en el laboratorio municipal y educativo de sensibilizaci\u00f3n, concienciaci\u00f3n e innovaci\u00f3n en proyectos de econom\u00eda verde ciudadana.<\/li>\n<li>Organizar y desarrollar una campa\u00f1a permanente de promoci\u00f3n, difusi\u00f3n y asesoramiento para la implantaci\u00f3n de iniciativas de sumideros de carbono en ayuntamientos, fincas p\u00fablicas y privadas de municipios extreme\u00f1os.<\/li>\n<\/ul>\n<h1>ACTUACIONES<\/h1>\n<ul>\n<li>Campa\u00f1a de concienciaci\u00f3n en municipios.<\/li>\n<li>Jornadas y reuniones de asesoramiento.<\/li>\n<li>Puesta en marcha de proyectos de sumideros de carbono.<\/li>\n<\/ul>\n<h1>+INFO<\/h1>\n<ul>\n<li><a href=\"http:\/\/sumideroscarbonoex.blogspot.com\">sumideroscarbonoex.blogspot.com <\/a><\/li>\n<\/ul>\n","protected":false},"excerpt":{"rendered":"<p>Este proyecto consiste en la organizaci\u00f3n y desarrollo de una campa\u00f1a permanente de promoci\u00f3n, difusi\u00f3n y asesoramiento para implantar iniciativas extreme\u00f1as de sumideros de carbono en fincas p\u00fablicas y privadas de municipios extreme\u00f1os. DESTINATARIOS Propietarios de fincas p\u00fablicas y privadas de municipios de extreme\u00f1os. OBJETIVOS Dise\u00f1ar una estrategia con la implicaci\u00f3n activa de la poblaci\u00f3n local y la participaci\u00f3n en el laboratorio municipal y educativo de sensibilizaci\u00f3n, concienciaci\u00f3n e innovaci\u00f3n en proyectos de econom\u00eda verde ciudadana. Organizar y desarrollar una&hellip;<\/p>\n","protected":false},"author":3,"featured_media":0,"parent":19,"menu_order":0,"comment_status":"closed","ping_status":"closed","template":"","meta":{"jetpack_post_was_ever_published":false,"footnotes":""},"class_list":["post-108","page","type-page","status-publish","hentry"],"jetpack_sharing_enabled":true,"jetpack_shortlink":"https:\/\/wp.me\/P9MpCs-1K","_links":{"self":[{"href":"https:\/\/www.redextremaduraverde.org\/web\/wp-json\/wp\/v2\/pages\/108","targetHints":{"allow":["GET"]}}],"collection":[{"href":"https:\/\/www.redextremaduraverde.org\/web\/wp-json\/wp\/v2\/pages"}],"about":[{"href":"https:\/\/www.redextremaduraverde.org\/web\/wp-json\/wp\/v2\/types\/page"}],"author":[{"embeddable":true,"href":"https:\/\/www.redextremaduraverde.org\/web\/wp-json\/wp\/v2\/users\/3"}],"replies":[{"embeddable":true,"href":"https:\/\/www.redextremaduraverde.org\/web\/wp-json\/wp\/v2\/comments?post=108"}],"version-history":[{"count":2,"href":"https:\/\/www.redextremaduraverde.org\/web\/wp-json\/wp\/v2\/pages\/108\/revisions"}],"predecessor-version":[{"id":548,"href":"https:\/\/www.redextremaduraverde.org\/web\/wp-json\/wp\/v2\/pages\/108\/revisions\/548"}],"up":[{"embeddable":true,"href":"https:\/\/www.redextremaduraverde.org\/web\/wp-json\/wp\/v2\/pages\/19"}],"wp:attachment":[{"href":"https:\/\/www.redextremaduraverde.org\/web\/wp-json\/wp\/v2\/media?parent=108"}],"curies":[{"name":"wp","href":"https:\/\/api.w.org\/{rel}","templated":true}]}}