{"id":101,"date":"2017-02-16T09:34:59","date_gmt":"2017-02-16T09:34:59","guid":{"rendered":"http:\/\/redextremaduraverde.org\/web\/?page_id=101"},"modified":"2019-02-04T12:27:31","modified_gmt":"2019-02-04T12:27:31","slug":"las-casas-de-cultura-verde-de-extremadura-red-de-municipios-verdes","status":"publish","type":"page","link":"https:\/\/www.redextremaduraverde.org\/web\/proyecto\/las-casas-de-cultura-verde-de-extremadura-red-de-municipios-verdes\/","title":{"rendered":"Las casas de cultura verde de extremadura. Red de municipios verdes"},"content":{"rendered":"<div id=\"pl-101\"  class=\"panel-layout\" ><div id=\"pg-101-0\"  class=\"panel-grid panel-has-style\" ><div class=\"panel-row-style panel-row-style-for-101-0\" ><div id=\"pgc-101-0-0\"  class=\"panel-grid-cell\" ><div id=\"panel-101-0-0-0\" class=\"so-panel widget widget_sow-editor panel-first-child panel-last-child\" data-index=\"0\" ><div\n\t\t\t\n\t\t\tclass=\"so-widget-sow-editor so-widget-sow-editor-base\"\n\t\t\t\n\t\t>\n<div class=\"siteorigin-widget-tinymce textwidget\">\n\t<p>Desde este proyecto, se pretende crear una red municipal s\u00f3lida en Extremadura para lograr que las localidades se conviertan en municipios verdes alcanzado la excelencia en la materia: sabiendo manejar la presi\u00f3n que le impone el desarrollo econ\u00f3mico preservando su vocaci\u00f3n comercial,agr\u00edcola, tur\u00edstica y ecol\u00f3gica; promoviendo una relaci\u00f3n arm\u00f3nica de los entornos natural y cultural en funci\u00f3n de la preservaci\u00f3n, conservaci\u00f3n y mantenimiento de los recursos naturales y el medio ambiente; y contando con la participaci\u00f3n activa de la comunidad.<\/p>\n<h1>DESTINATARIOS<\/h1>\n<ul>\n<li>Municipios de Extremadura: Ayuntamientos principalmente<\/li>\n<li>Otras entidades: centros educativos, asociaciones, etc.<\/li>\n<li>Ciudadan\u00eda en general<\/li>\n<\/ul>\n<h1>OBJETIVOS<\/h1>\n<ul>\n<li>Crear un red de municipios para generar un entorno geogr\u00e1fico en el que desarrollar las acciones y actividades que permitan convertir a las localidades en \u201cmunicipios verdes\u201d.<\/li>\n<li>Poner a disposici\u00f3n de la Junta de Extremadura esta Red para que sirva de base operativa a la hora de implementar actuaciones en materia de econom\u00eda verde y el patrimonio natural.<\/li>\n<li>Dise\u00f1ar y poner a disposici\u00f3n herramientas e instrumentos que posibiliten la participaci\u00f3n activa de los municipios en el programa.<\/li>\n<li>Identificar y poner en valor proyectos, experiencias e iniciativas municipales basadas en econom\u00eda verde y el patrimonio natural.<\/li>\n<\/ul>\n<h1>ACTUACIONES<\/h1>\n<ul>\n<li>Reuniones zonales en municipios<\/li>\n<li>Creaci\u00f3n de una Red de Municipios Verdes.<\/li>\n<li>Identificaci\u00f3n y puesta en valor de iniciativas municipales en materia verde.<\/li>\n<li>Celebraci\u00f3n de encuentros regionales<\/li>\n<\/ul>\n<h1><a href=\"http:\/\/redextremaduraverde.org\/web\/comparte-tu-experiencia\/\">COMPARTE TU EXPERIENCIA<\/a><\/h1>\n<h1>RECURSOS<\/h1>\n<hr \/>\n<div id=\"attachment_267\" style=\"width: 109px\" class=\"wp-caption alignleft\"><a href=\"http:\/\/redextremaduraverde.org\/web\/wp-content\/uploads\/2017\/02\/Proyecto1_cartel_ACTIVIDAD.jpg\"><img aria-describedby=\"caption-attachment-267\" loading=\"lazy\" decoding=\"async\" class=\"wp-image-267\" src=\"http:\/\/redextremaduraverde.org\/web\/wp-content\/uploads\/2017\/02\/Proyecto1_cartel_ACTIVIDAD-212x300.jpg\" alt=\"\" width=\"99\" height=\"140\" srcset=\"https:\/\/www.redextremaduraverde.org\/web\/wp-content\/uploads\/2017\/02\/Proyecto1_cartel_ACTIVIDAD-212x300.jpg 212w, https:\/\/www.redextremaduraverde.org\/web\/wp-content\/uploads\/2017\/02\/Proyecto1_cartel_ACTIVIDAD-768x1086.jpg 768w, https:\/\/www.redextremaduraverde.org\/web\/wp-content\/uploads\/2017\/02\/Proyecto1_cartel_ACTIVIDAD-724x1024.jpg 724w, https:\/\/www.redextremaduraverde.org\/web\/wp-content\/uploads\/2017\/02\/Proyecto1_cartel_ACTIVIDAD.jpg 1169w\" sizes=\"auto, (max-width: 99px) 100vw, 99px\" \/><\/a><p id=\"caption-attachment-267\" class=\"wp-caption-text\">Cartel de actividad<\/p><\/div>\n<div id=\"attachment_268\" style=\"width: 115px\" class=\"wp-caption alignleft\"><a href=\"http:\/\/redextremaduraverde.org\/web\/wp-content\/uploads\/2017\/02\/Proyecto1_cartel_GENERICO_uuppl.jpg\"><img aria-describedby=\"caption-attachment-268\" loading=\"lazy\" decoding=\"async\" class=\"wp-image-268\" src=\"http:\/\/redextremaduraverde.org\/web\/wp-content\/uploads\/2017\/02\/Proyecto1_cartel_GENERICO_uuppl-212x300.jpg\" alt=\"\" width=\"105\" height=\"149\" srcset=\"https:\/\/www.redextremaduraverde.org\/web\/wp-content\/uploads\/2017\/02\/Proyecto1_cartel_GENERICO_uuppl-212x300.jpg 212w, https:\/\/www.redextremaduraverde.org\/web\/wp-content\/uploads\/2017\/02\/Proyecto1_cartel_GENERICO_uuppl-768x1086.jpg 768w, https:\/\/www.redextremaduraverde.org\/web\/wp-content\/uploads\/2017\/02\/Proyecto1_cartel_GENERICO_uuppl-724x1024.jpg 724w, https:\/\/www.redextremaduraverde.org\/web\/wp-content\/uploads\/2017\/02\/Proyecto1_cartel_GENERICO_uuppl.jpg 1169w\" sizes=\"auto, (max-width: 105px) 100vw, 105px\" \/><\/a><p id=\"caption-attachment-268\" class=\"wp-caption-text\">Cartel gen\u00e9rico<\/p><\/div>\n<div id=\"attachment_270\" style=\"width: 127px\" class=\"wp-caption alignleft\"><a href=\"http:\/\/redextremaduraverde.org\/web\/wp-content\/uploads\/2017\/02\/Proyecto1_PROPUESTA_DEFINICION_CASA_DE_CULTURA_VERDE.pdf\"><img aria-describedby=\"caption-attachment-270\" loading=\"lazy\" decoding=\"async\" class=\"wp-image-270\" src=\"http:\/\/redextremaduraverde.org\/web\/wp-content\/uploads\/2017\/02\/Captura-de-pantalla-2017-06-21-a-las-10.00.14-243x300.png\" alt=\"\" width=\"117\" height=\"145\" srcset=\"https:\/\/www.redextremaduraverde.org\/web\/wp-content\/uploads\/2017\/02\/Captura-de-pantalla-2017-06-21-a-las-10.00.14-243x300.png 243w, https:\/\/www.redextremaduraverde.org\/web\/wp-content\/uploads\/2017\/02\/Captura-de-pantalla-2017-06-21-a-las-10.00.14.png 274w\" sizes=\"auto, (max-width: 117px) 100vw, 117px\" \/><\/a><p id=\"caption-attachment-270\" class=\"wp-caption-text\">Propuesta inicial<\/p><\/div>\n<div id=\"attachment_666\" style=\"width: 134px\" class=\"wp-caption alignleft\"><a href=\"http:\/\/redextremaduraverde.org\/web\/wp-content\/uploads\/2018\/03\/MODELO-DE-PROYECTO-CASA-DE-CULTURA-VERDE.odt\"><img aria-describedby=\"caption-attachment-666\" loading=\"lazy\" decoding=\"async\" class=\"wp-image-666\" src=\"http:\/\/redextremaduraverde.org\/web\/wp-content\/uploads\/2017\/02\/odt.png\" alt=\"\" width=\"124\" height=\"141\" \/><\/a><p id=\"caption-attachment-666\" class=\"wp-caption-text\">Modelo de proyecto<\/p><\/div>\n<hr \/>\n<div id=\"attachment_465\" style=\"width: 120px\" class=\"wp-caption alignleft\"><a href=\"http:\/\/redextremaduraverde.org\/web\/wp-content\/uploads\/2017\/09\/rev_diastematicos.pdf\"><img aria-describedby=\"caption-attachment-465\" loading=\"lazy\" decoding=\"async\" class=\"wp-image-465\" src=\"http:\/\/redextremaduraverde.org\/web\/wp-content\/uploads\/2017\/09\/expitinerantes.png\" alt=\"\" width=\"110\" height=\"141\" \/><\/a><p id=\"caption-attachment-465\" class=\"wp-caption-text\">D\u00edas tem\u00e1ticos<\/p><\/div>\n<div id=\"attachment_465\" style=\"width: 120px\" class=\"wp-caption alignleft\"><a href=\"http:\/\/redextremaduraverde.org\/web\/wp-content\/uploads\/2017\/09\/RECURSOS-EXPOSICIONES-ITINERANTES-1.pdf\"><img aria-describedby=\"caption-attachment-465\" loading=\"lazy\" decoding=\"async\" class=\"wp-image-465\" src=\"http:\/\/redextremaduraverde.org\/web\/wp-content\/uploads\/2017\/09\/expitinerantes.png\" alt=\"\" width=\"110\" height=\"141\" \/><\/a><p id=\"caption-attachment-465\" class=\"wp-caption-text\">Exposiciones itinerantes<\/p><\/div>\n<div id=\"attachment_465\" style=\"width: 105px\" class=\"wp-caption alignleft\"><a href=\"http:\/\/redextremaduraverde.org\/web\/wp-content\/uploads\/2017\/02\/Protocolo.zip\"><img aria-describedby=\"caption-attachment-465\" loading=\"lazy\" decoding=\"async\" class=\"wp-image-465\" src=\"http:\/\/redextremaduraverde.org\/web\/wp-content\/uploads\/2017\/02\/Selecci\u00f3n_048-210x300.png\" alt=\"\" width=\"95\" height=\"136\" srcset=\"https:\/\/www.redextremaduraverde.org\/web\/wp-content\/uploads\/2017\/02\/Selecci\u00f3n_048-210x300.png 210w, https:\/\/www.redextremaduraverde.org\/web\/wp-content\/uploads\/2017\/02\/Selecci\u00f3n_048.png 504w\" sizes=\"auto, (max-width: 95px) 100vw, 95px\" \/><\/a><p id=\"caption-attachment-465\" class=\"wp-caption-text\">Protocolo (zip)<\/p><\/div>\n<\/div>\n<\/div><\/div><\/div><\/div><\/div><div id=\"pg-101-1\"  class=\"panel-grid panel-has-style\" ><div class=\"panel-row-style panel-row-style-for-101-1\" ><div id=\"pgc-101-1-0\"  class=\"panel-grid-cell\" ><div id=\"panel-101-1-0-0\" class=\"so-panel widget widget_sow-editor panel-first-child\" data-index=\"1\" ><div\n\t\t\t\n\t\t\tclass=\"so-widget-sow-editor so-widget-sow-editor-base\"\n\t\t\t\n\t\t>\n<div class=\"siteorigin-widget-tinymce textwidget\">\n\t<h1>EXPERIENCIAS VERDES DESARROLLADAS<\/h1>\n<hr \/>\n<\/div>\n<\/div><\/div><div id=\"panel-101-1-0-1\" class=\"so-panel widget widget_tag_cloud\" data-index=\"2\" ><div class=\"panel-widget-style panel-widget-style-for-101-1-0-1\" ><h3 class=\"widget-title\">Etiquetas<\/h3><div class=\"tagcloud\"><a href=\"https:\/\/www.redextremaduraverde.org\/web\/tag\/acehuche\/\" class=\"tag-cloud-link tag-link-9 tag-link-position-1\" style=\"font-size: 8pt;\" aria-label=\"Acehuche (1 elemento)\">Acehuche<span class=\"tag-link-count\"> (1)<\/span><\/a>\n<a href=\"https:\/\/www.redextremaduraverde.org\/web\/tag\/ahigal\/\" class=\"tag-cloud-link tag-link-13 tag-link-position-2\" style=\"font-size: 18.888888888889pt;\" aria-label=\"Ahigal (9 elementos)\">Ahigal<span class=\"tag-link-count\"> (9)<\/span><\/a>\n<a href=\"https:\/\/www.redextremaduraverde.org\/web\/tag\/alburquerque\/\" class=\"tag-cloud-link tag-link-36 tag-link-position-3\" style=\"font-size: 10.8pt;\" aria-label=\"Alburquerque (2 elementos)\">Alburquerque<span class=\"tag-link-count\"> (2)<\/span><\/a>\n<a href=\"https:\/\/www.redextremaduraverde.org\/web\/tag\/arroyo-de-la-luz\/\" class=\"tag-cloud-link tag-link-21 tag-link-position-4\" style=\"font-size: 21.688888888889pt;\" aria-label=\"Arroyo de la Luz (14 elementos)\">Arroyo de la Luz<span class=\"tag-link-count\"> (14)<\/span><\/a>\n<a href=\"https:\/\/www.redextremaduraverde.org\/web\/tag\/cabeza-la-vaca\/\" class=\"tag-cloud-link tag-link-11 tag-link-position-5\" style=\"font-size: 18.888888888889pt;\" aria-label=\"Cabeza la Vaca (9 elementos)\">Cabeza la Vaca<span class=\"tag-link-count\"> (9)<\/span><\/a>\n<a href=\"https:\/\/www.redextremaduraverde.org\/web\/tag\/cabezuela-del-valle\/\" class=\"tag-cloud-link tag-link-15 tag-link-position-6\" style=\"font-size: 8pt;\" aria-label=\"Cabezuela del Valle (1 elemento)\">Cabezuela del Valle<span class=\"tag-link-count\"> (1)<\/span><\/a>\n<a href=\"https:\/\/www.redextremaduraverde.org\/web\/tag\/calamonte\/\" class=\"tag-cloud-link tag-link-32 tag-link-position-7\" style=\"font-size: 22pt;\" aria-label=\"Calamonte (15 elementos)\">Calamonte<span class=\"tag-link-count\"> (15)<\/span><\/a>\n<a href=\"https:\/\/www.redextremaduraverde.org\/web\/tag\/casar-de-caceres\/\" class=\"tag-cloud-link tag-link-27 tag-link-position-8\" style=\"font-size: 22pt;\" aria-label=\"Casar de C\u00e1ceres (15 elementos)\">Casar de C\u00e1ceres<span class=\"tag-link-count\"> (15)<\/span><\/a>\n<a href=\"https:\/\/www.redextremaduraverde.org\/web\/tag\/casas-de-don-pedro\/\" class=\"tag-cloud-link tag-link-25 tag-link-position-9\" style=\"font-size: 15.466666666667pt;\" aria-label=\"Casas de Don Pedro (5 elementos)\">Casas de Don Pedro<span class=\"tag-link-count\"> (5)<\/span><\/a>\n<a href=\"https:\/\/www.redextremaduraverde.org\/web\/tag\/castuera\/\" class=\"tag-cloud-link tag-link-17 tag-link-position-10\" style=\"font-size: 18.111111111111pt;\" aria-label=\"Castuera (8 elementos)\">Castuera<span class=\"tag-link-count\"> (8)<\/span><\/a>\n<a href=\"https:\/\/www.redextremaduraverde.org\/web\/tag\/guadalupe\/\" class=\"tag-cloud-link tag-link-10 tag-link-position-11\" style=\"font-size: 21.688888888889pt;\" aria-label=\"Guadalupe (14 elementos)\">Guadalupe<span class=\"tag-link-count\"> (14)<\/span><\/a>\n<a href=\"https:\/\/www.redextremaduraverde.org\/web\/tag\/llerena\/\" class=\"tag-cloud-link tag-link-30 tag-link-position-12\" style=\"font-size: 17.333333333333pt;\" aria-label=\"Llerena (7 elementos)\">Llerena<span class=\"tag-link-count\"> (7)<\/span><\/a>\n<a href=\"https:\/\/www.redextremaduraverde.org\/web\/tag\/navalvillar-de-pela\/\" class=\"tag-cloud-link tag-link-14 tag-link-position-13\" style=\"font-size: 15.466666666667pt;\" aria-label=\"Navalvillar de Pela (5 elementos)\">Navalvillar de Pela<span class=\"tag-link-count\"> (5)<\/span><\/a>\n<a href=\"https:\/\/www.redextremaduraverde.org\/web\/tag\/oliva-de-la-frontera\/\" class=\"tag-cloud-link tag-link-26 tag-link-position-14\" style=\"font-size: 12.666666666667pt;\" aria-label=\"Oliva de la Frontera (3 elementos)\">Oliva de la Frontera<span class=\"tag-link-count\"> (3)<\/span><\/a>\n<a href=\"https:\/\/www.redextremaduraverde.org\/web\/tag\/olivenza\/\" class=\"tag-cloud-link tag-link-12 tag-link-position-15\" style=\"font-size: 16.555555555556pt;\" aria-label=\"Olivenza (6 elementos)\">Olivenza<span class=\"tag-link-count\"> (6)<\/span><\/a>\n<a href=\"https:\/\/www.redextremaduraverde.org\/web\/tag\/piedras-albas\/\" class=\"tag-cloud-link tag-link-18 tag-link-position-16\" style=\"font-size: 18.888888888889pt;\" aria-label=\"Piedras Albas (9 elementos)\">Piedras Albas<span class=\"tag-link-count\"> (9)<\/span><\/a>\n<a href=\"https:\/\/www.redextremaduraverde.org\/web\/tag\/piornal\/\" class=\"tag-cloud-link tag-link-37 tag-link-position-17\" style=\"font-size: 16.555555555556pt;\" aria-label=\"PIORNAL (6 elementos)\">PIORNAL<span class=\"tag-link-count\"> (6)<\/span><\/a>\n<a href=\"https:\/\/www.redextremaduraverde.org\/web\/tag\/quintana-de-la-serena\/\" class=\"tag-cloud-link tag-link-19 tag-link-position-18\" style=\"font-size: 8pt;\" aria-label=\"Quintana de la Serena (1 elemento)\">Quintana de la Serena<span class=\"tag-link-count\"> (1)<\/span><\/a>\n<a href=\"https:\/\/www.redextremaduraverde.org\/web\/tag\/romangordo\/\" class=\"tag-cloud-link tag-link-8 tag-link-position-19\" style=\"font-size: 8pt;\" aria-label=\"Romangordo (1 elemento)\">Romangordo<span class=\"tag-link-count\"> (1)<\/span><\/a>\n<a href=\"https:\/\/www.redextremaduraverde.org\/web\/tag\/siruela\/\" class=\"tag-cloud-link tag-link-31 tag-link-position-20\" style=\"font-size: 20.6pt;\" aria-label=\"Siruela (12 elementos)\">Siruela<span class=\"tag-link-count\"> (12)<\/span><\/a>\n<a href=\"https:\/\/www.redextremaduraverde.org\/web\/tag\/talarrubias\/\" class=\"tag-cloud-link tag-link-28 tag-link-position-21\" style=\"font-size: 14.222222222222pt;\" aria-label=\"Talarrubias (4 elementos)\">Talarrubias<span class=\"tag-link-count\"> (4)<\/span><\/a>\n<a href=\"https:\/\/www.redextremaduraverde.org\/web\/tag\/tamurejo\/\" class=\"tag-cloud-link tag-link-33 tag-link-position-22\" style=\"font-size: 12.666666666667pt;\" aria-label=\"Tamurejo (3 elementos)\">Tamurejo<span class=\"tag-link-count\"> (3)<\/span><\/a>\n<a href=\"https:\/\/www.redextremaduraverde.org\/web\/tag\/usagre\/\" class=\"tag-cloud-link tag-link-7 tag-link-position-23\" style=\"font-size: 12.666666666667pt;\" aria-label=\"Usagre (3 elementos)\">Usagre<span class=\"tag-link-count\"> (3)<\/span><\/a>\n<a href=\"https:\/\/www.redextremaduraverde.org\/web\/tag\/valdecaballeros\/\" class=\"tag-cloud-link tag-link-38 tag-link-position-24\" style=\"font-size: 10.8pt;\" aria-label=\"Valdecaballeros (2 elementos)\">Valdecaballeros<span class=\"tag-link-count\"> (2)<\/span><\/a>\n<a href=\"https:\/\/www.redextremaduraverde.org\/web\/tag\/valencia-de-alcantara\/\" class=\"tag-cloud-link tag-link-16 tag-link-position-25\" style=\"font-size: 8pt;\" aria-label=\"Valencia de Alc\u00e1ntara (1 elemento)\">Valencia de Alc\u00e1ntara<span class=\"tag-link-count\"> (1)<\/span><\/a>\n<a href=\"https:\/\/www.redextremaduraverde.org\/web\/tag\/valencia-del-mombuey\/\" class=\"tag-cloud-link tag-link-23 tag-link-position-26\" style=\"font-size: 12.666666666667pt;\" aria-label=\"Valencia del Mombuey (3 elementos)\">Valencia del Mombuey<span class=\"tag-link-count\"> (3)<\/span><\/a>\n<a href=\"https:\/\/www.redextremaduraverde.org\/web\/tag\/valverde-de-leganes\/\" class=\"tag-cloud-link tag-link-34 tag-link-position-27\" style=\"font-size: 14.222222222222pt;\" aria-label=\"Valverde de Legan\u00e9s (4 elementos)\">Valverde de Legan\u00e9s<span class=\"tag-link-count\"> (4)<\/span><\/a>\n<a href=\"https:\/\/www.redextremaduraverde.org\/web\/tag\/villafranca-de-los-barros\/\" class=\"tag-cloud-link tag-link-24 tag-link-position-28\" style=\"font-size: 16.555555555556pt;\" aria-label=\"Villafranca de los Barros (6 elementos)\">Villafranca de los Barros<span class=\"tag-link-count\"> (6)<\/span><\/a>\n<a href=\"https:\/\/www.redextremaduraverde.org\/web\/tag\/villanueva-de-la-serena\/\" class=\"tag-cloud-link tag-link-20 tag-link-position-29\" style=\"font-size: 19.511111111111pt;\" aria-label=\"Villanueva de la Serena (10 elementos)\">Villanueva de la Serena<span class=\"tag-link-count\"> (10)<\/span><\/a>\n<a href=\"https:\/\/www.redextremaduraverde.org\/web\/tag\/villar-del-rey\/\" class=\"tag-cloud-link tag-link-29 tag-link-position-30\" style=\"font-size: 15.466666666667pt;\" aria-label=\"Villar del Rey (5 elementos)\">Villar del Rey<span class=\"tag-link-count\"> (5)<\/span><\/a>\n<a href=\"https:\/\/www.redextremaduraverde.org\/web\/tag\/vivares\/\" class=\"tag-cloud-link tag-link-35 tag-link-position-31\" style=\"font-size: 22pt;\" aria-label=\"Vivares (15 elementos)\">Vivares<span class=\"tag-link-count\"> (15)<\/span><\/a>\n<a href=\"https:\/\/www.redextremaduraverde.org\/web\/tag\/zafra\/\" class=\"tag-cloud-link tag-link-22 tag-link-position-32\" style=\"font-size: 19.511111111111pt;\" aria-label=\"Zafra (10 elementos)\">Zafra<span class=\"tag-link-count\"> (10)<\/span><\/a><\/div>\n<\/div><\/div><div id=\"panel-101-1-0-2\" class=\"so-panel widget widget_sow-editor panel-last-child\" data-index=\"3\" ><div class=\"panel-widget-style panel-widget-style-for-101-1-0-2\" ><div\n\t\t\t\n\t\t\tclass=\"so-widget-sow-editor so-widget-sow-editor-base\"\n\t\t\t\n\t\t>\n<div class=\"siteorigin-widget-tinymce textwidget\">\n\t<p>[ct_posts type=\"post\" number=\"16\" columns=\"4\" style=\"grid\" date=\"none\" author=\"none\" comments=\"none\" excerpt=\"none\" after=\"undefined\" description=\"undefined\" color=\"undefined\" id=\"inciativasverdes\" \u00a0animation=\"\"]<\/p>\n<p>[ct_button url=\".\/iniciativas-verdes\" color=\"#FFFFFF\" background=\"#59ba0b\" gradient=\"\" description=\"\" size=\"normal\" position=\"none\" icon=\"adn\" target=\"\" rel=\"\"]Ver todas las iniciativas verdes[\/ct_button]<\/p>\n<\/div>\n<\/div><\/div><\/div><\/div><\/div><\/div><\/div>","protected":false},"excerpt":{"rendered":"<p>Desde este proyecto, se pretende crear una red municipal s\u00f3lida en Extremadura para lograr que las localidades se conviertan en municipios verdes alcanzado la excelencia en la materia: sabiendo manejar la presi\u00f3n que le impone el desarrollo econ\u00f3mico preservando su vocaci\u00f3n comercial,agr\u00edcola, tur\u00edstica y ecol\u00f3gica; promoviendo una relaci\u00f3n arm\u00f3nica de los entornos natural y cultural en funci\u00f3n de la preservaci\u00f3n, conservaci\u00f3n y mantenimiento de los recursos naturales y el medio ambiente; y contando con la participaci\u00f3n activa de la comunidad.&hellip;<\/p>\n","protected":false},"author":3,"featured_media":0,"parent":19,"menu_order":0,"comment_status":"closed","ping_status":"closed","template":"","meta":{"jetpack_post_was_ever_published":false,"footnotes":""},"class_list":["post-101","page","type-page","status-publish","hentry"],"jetpack_sharing_enabled":true,"jetpack_shortlink":"https:\/\/wp.me\/P9MpCs-1D","_links":{"self":[{"href":"https:\/\/www.redextremaduraverde.org\/web\/wp-json\/wp\/v2\/pages\/101","targetHints":{"allow":["GET"]}}],"collection":[{"href":"https:\/\/www.redextremaduraverde.org\/web\/wp-json\/wp\/v2\/pages"}],"about":[{"href":"https:\/\/www.redextremaduraverde.org\/web\/wp-json\/wp\/v2\/types\/page"}],"author":[{"embeddable":true,"href":"https:\/\/www.redextremaduraverde.org\/web\/wp-json\/wp\/v2\/users\/3"}],"replies":[{"embeddable":true,"href":"https:\/\/www.redextremaduraverde.org\/web\/wp-json\/wp\/v2\/comments?post=101"}],"version-history":[{"count":26,"href":"https:\/\/www.redextremaduraverde.org\/web\/wp-json\/wp\/v2\/pages\/101\/revisions"}],"predecessor-version":[{"id":1014,"href":"https:\/\/www.redextremaduraverde.org\/web\/wp-json\/wp\/v2\/pages\/101\/revisions\/1014"}],"up":[{"embeddable":true,"href":"https:\/\/www.redextremaduraverde.org\/web\/wp-json\/wp\/v2\/pages\/19"}],"wp:attachment":[{"href":"https:\/\/www.redextremaduraverde.org\/web\/wp-json\/wp\/v2\/media?parent=101"}],"curies":[{"name":"wp","href":"https:\/\/api.w.org\/{rel}","templated":true}]}}