{"id":11,"date":"2017-06-08T10:33:41","date_gmt":"2017-06-08T10:33:41","guid":{"rendered":"http:\/\/redextremaduraverde.org\/oficina\/?page_id=11"},"modified":"2017-08-04T08:11:37","modified_gmt":"2017-08-04T08:11:37","slug":"una-seccion-de-la-pagina-de-inicio","status":"publish","type":"page","link":"https:\/\/www.redextremaduraverde.org\/oficina\/una-seccion-de-la-pagina-de-inicio\/","title":{"rendered":"Oficina de Asesoramiento y Proyectos de Econom\u00eda Verde"},"content":{"rendered":"<h3 style=\"text-align: center;\"><em><strong>\u201cEl emprendedor tiene derecho a equivocarse pero jam\u00e1s a rendirse\u201d<\/strong><\/em><\/h3>\n<p><!--more--><\/p>\n<p>El objetivo de la Oficina es asesorar y apoyar la puesta en marcha de ideas, iniciativas y proyectos por parte de la ciudadan\u00eda, ayuntamientos, asociaciones, empresas y otras entidades de nuestra regi\u00f3n.<br \/>\nNuestro fin principal es incentivar el emprendimiento verde a trav\u00e9s de un servicio de asesor\u00eda permanente en todos los \u00e1mbitos de actuaci\u00f3n relacionados con la econom\u00eda verde.<\/p>\n<p><a href=\"http:\/\/www.redextremaduraverde.org\/descargas\/servicios_oficina.pdf\"><img loading=\"lazy\" decoding=\"async\" class=\"wp-image-695 size-medium aligncenter\" src=\"https:\/\/www.redextremaduraverde.org\/oficina\/wp-content\/uploads\/2017\/06\/diptico-300x208.png\" alt=\"\" width=\"300\" height=\"208\" srcset=\"https:\/\/www.redextremaduraverde.org\/oficina\/wp-content\/uploads\/2017\/06\/diptico-300x208.png 300w, https:\/\/www.redextremaduraverde.org\/oficina\/wp-content\/uploads\/2017\/06\/diptico.png 354w\" sizes=\"auto, (max-width: 300px) 100vw, 300px\" \/><\/a><\/p>\n","protected":false},"excerpt":{"rendered":"<p>\u201cEl emprendedor tiene derecho a equivocarse pero jam\u00e1s a rendirse\u201d<\/p>\n","protected":false},"author":3,"featured_media":150,"parent":0,"menu_order":0,"comment_status":"closed","ping_status":"closed","template":"","meta":{"jetpack_post_was_ever_published":false,"footnotes":""},"class_list":["post-11","page","type-page","status-publish","has-post-thumbnail","hentry"],"jetpack_sharing_enabled":true,"jetpack_shortlink":"https:\/\/wp.me\/P8OUEd-b","_links":{"self":[{"href":"https:\/\/www.redextremaduraverde.org\/oficina\/wp-json\/wp\/v2\/pages\/11","targetHints":{"allow":["GET"]}}],"collection":[{"href":"https:\/\/www.redextremaduraverde.org\/oficina\/wp-json\/wp\/v2\/pages"}],"about":[{"href":"https:\/\/www.redextremaduraverde.org\/oficina\/wp-json\/wp\/v2\/types\/page"}],"author":[{"embeddable":true,"href":"https:\/\/www.redextremaduraverde.org\/oficina\/wp-json\/wp\/v2\/users\/3"}],"replies":[{"embeddable":true,"href":"https:\/\/www.redextremaduraverde.org\/oficina\/wp-json\/wp\/v2\/comments?post=11"}],"version-history":[{"count":8,"href":"https:\/\/www.redextremaduraverde.org\/oficina\/wp-json\/wp\/v2\/pages\/11\/revisions"}],"predecessor-version":[{"id":694,"href":"https:\/\/www.redextremaduraverde.org\/oficina\/wp-json\/wp\/v2\/pages\/11\/revisions\/694"}],"wp:featuredmedia":[{"embeddable":true,"href":"https:\/\/www.redextremaduraverde.org\/oficina\/wp-json\/wp\/v2\/media\/150"}],"wp:attachment":[{"href":"https:\/\/www.redextremaduraverde.org\/oficina\/wp-json\/wp\/v2\/media?parent=11"}],"curies":[{"name":"wp","href":"https:\/\/api.w.org\/{rel}","templated":true}]}}